{"id":3,"date":"2022-08-30T16:04:45","date_gmt":"2022-08-30T16:04:45","guid":{"rendered":"https:\/\/agrorobotica.com.br\/?page_id=3"},"modified":"2022-09-22T14:35:02","modified_gmt":"2022-09-22T14:35:02","slug":"privacy-policy","status":"publish","type":"page","link":"https:\/\/agrorobotica.com.br\/en\/privacy-policy\/","title":{"rendered":"Privacy Policy"},"content":{"rendered":"<div data-elementor-type=\"wp-page\" data-elementor-id=\"3\" class=\"elementor elementor-3\" data-elementor-post-type=\"page\">\n\t\t\t\t\t\t<section class=\"elementor-section elementor-top-section elementor-element elementor-element-6b8f7111 elementor-section-boxed elementor-section-height-default elementor-section-height-default\" data-id=\"6b8f7111\" data-element_type=\"section\">\n\t\t\t\t\t\t<div class=\"elementor-container elementor-column-gap-default\">\n\t\t\t\t\t<div class=\"elementor-column elementor-col-100 elementor-top-column elementor-element elementor-element-16afd5bd\" data-id=\"16afd5bd\" data-element_type=\"column\">\n\t\t\t<div class=\"elementor-widget-wrap elementor-element-populated\">\n\t\t\t\t\t\t<div class=\"elementor-element elementor-element-35b2c47 elementor-widget elementor-widget-heading\" data-id=\"35b2c47\" data-element_type=\"widget\" data-widget_type=\"heading.default\">\n\t\t\t\t<div class=\"elementor-widget-container\">\n\t\t\t<style>\/*! elementor - v3.20.0 - 26-03-2024 *\/\n.elementor-heading-title{padding:0;margin:0;line-height:1}.elementor-widget-heading .elementor-heading-title[class*=elementor-size-]>a{color:inherit;font-size:inherit;line-height:inherit}.elementor-widget-heading .elementor-heading-title.elementor-size-small{font-size:15px}.elementor-widget-heading .elementor-heading-title.elementor-size-medium{font-size:19px}.elementor-widget-heading .elementor-heading-title.elementor-size-large{font-size:29px}.elementor-widget-heading .elementor-heading-title.elementor-size-xl{font-size:39px}.elementor-widget-heading .elementor-heading-title.elementor-size-xxl{font-size:59px}<\/style><h1 class=\"elementor-heading-title elementor-size-default\">Privacy Policy<\/h1>\t\t<\/div>\n\t\t\t\t<\/div>\n\t\t\t\t<div class=\"elementor-element elementor-element-3914c648 elementor-widget elementor-widget-text-editor\" data-id=\"3914c648\" data-element_type=\"widget\" data-widget_type=\"text-editor.default\">\n\t\t\t\t<div class=\"elementor-widget-container\">\n\t\t\t<style>\/*! elementor - v3.20.0 - 26-03-2024 *\/\n.elementor-widget-text-editor.elementor-drop-cap-view-stacked .elementor-drop-cap{background-color:#69727d;color:#fff}.elementor-widget-text-editor.elementor-drop-cap-view-framed .elementor-drop-cap{color:#69727d;border:3px solid;background-color:transparent}.elementor-widget-text-editor:not(.elementor-drop-cap-view-default) .elementor-drop-cap{margin-top:8px}.elementor-widget-text-editor:not(.elementor-drop-cap-view-default) .elementor-drop-cap-letter{width:1em;height:1em}.elementor-widget-text-editor .elementor-drop-cap{float:left;text-align:center;line-height:1;font-size:50px}.elementor-widget-text-editor .elementor-drop-cap-letter{display:inline-block}<\/style>\t\t\t\t<p><strong>I. Introduction<\/strong><\/p><p>This policy describes the types of information that Agrorob\u00f3tica will collect from you or that you will provide when you visit www.agrorobotica.com.br and our practices for collecting, using, maintaining, protecting and disclosing this information.<br \/>Agrorob\u00f3tica is committed to protecting your privacy. We provide this policy to explain the type of information we collect and to inform you of specific practices and guidelines that protect the security and confidentiality of your personal data. Please read this policy carefully. If you do not agree with the terms of this policy, do not use this website. Agrorob\u00f3tica reserves the right to make changes or updates to this policy, at any discretion and at any time.<\/p><p><strong>II. Information we collect about you and how we collect it<\/strong><\/p><p>We may collect information from users who access our website, including personal data, as follows:<\/p><p>1. Information you provide to us<\/p><p>Information we collect through our website includes:<\/p><p>Information you provide to us when completing the form on the \u201cContact Us\u201d tab and when we process and respond to your questions and requests. The types of data we collect include your name, email address, gender, date of birth, address, telephone number, information related to your inquiries and requests.<\/p><p>2. Information We Collect About You<\/p><p>As with many other websites, as you browse and interact on our website, we use automatic data collection technologies for certain information about your browsing actions and patterns, including:<\/p><p>\u2022 Information about your computer and Internet connection, your operating system, host domain and browser type.<br \/>\u2022 Information about your computer and Internet connection, your operating system, host domain and browser type.<br \/>\u2022 Information about your computer and Internet connection, your operating system, host domain and browser type.<br \/>\u2022 Details of referring websites (URL).<br \/>The information we automatically collect is statistical data that helps us improve our website and provide a better and more personalized service, including allowing us to:<br \/>\u2022 Determine website traffic patterns.<br \/>\u2022 Count site visits.<br \/>\u2022 Determine traffic sources so that we can measure and improve the performance of our site.<br \/>\u2022 Help us know which pages and content are most or least popular.<br \/>\u2022 Observe site search patterns to provide more intuitive navigation tips.<br \/>\u2022 Determine user frequency and time between visits.<\/p><p>3. Cookies used on this website<\/p><p>Currently, the website www.agrorobotica.com.br does not collect cookies from its users. However, like many companies, Agrorob\u00f3tica may use cookie technology to collect aggregated information. Cookies are tiny pieces of data that a website can send to a browser, which can be stored on your hard drive so that we can recognize you when you return to the website. Cookies can improve your online experience by saving your personal preferences while visiting our website. They do not contain personally identifiable information. You can configure your browser to notify you when you receive a cookie, or to disable cookies altogether.<\/p><p><strong>III. Why We Use Your Information<\/strong><\/p><p>Personal data will be processed so that Agrorob\u00f3tica can respond to requests that are received through the form contained in the \u201cContact Us\u201d tab, for recruiting candidates for job vacancies, communicating with candidates and processing applications in the Careers Portal with vacancies. open in Agrorobotics.<br \/>Personal data will be processed in order to comply with the obligations assumed by Agrorob\u00f3tica, resulting from applicable legislation and legitimate interest.<\/p><p><strong>IV. Data Sharing<\/strong><\/p><p>Agrorob\u00f3tica may disclose or make available personal data to other companies of the Agrorob\u00f3tica Group, to contractors, service providers, competent authorities and other Third Parties that we use to support our business or in connection with the administration and support of the activities mentioned above and that are bound by legal and contractual obligations to keep personal data confidential and use it only for the stated purposes (e.g. database hosting providers, developers, consultants or competent authorities).<br \/>To a purchaser or other successor in the event of a merger, disposal, restructuring, reorganization, dissolution or other sale or transfer of some or all of Agrorob\u00f3tica&#039;s assets, whether in continuity or as part of bankruptcy, liquidation or similar process, in which the data personal data held by Agrorob\u00f3tica on the users of our website are among the transferred assets.<br \/>If we have to disclose or share your personal data to comply with any legal, regulatory or contractual obligation or to enforce or apply our terms of use and other agreements, including for billing purposes; or to protect the rights, property or safety of Agrorob\u00f3tica, our customers or others.<br \/>For other purposes where required by applicable laws and regulations.<\/p><p>V. International Data Transfer<br \/>Agrorob\u00f3tica&#039;s international presence involves the transfer of personal data to other group companies or Third Parties, which may be located outside Brazil. Agrorob\u00f3tica will ensure that when personal data is transferred to countries that have different data protection standards, adequate safeguards are in place to protect the personal data and ensure that such data transfers comply with applicable data protection laws.<\/p><p><strong>SAW. Data Retention<\/strong><\/p><p>Agrorob\u00f3tica will not retain the personal data of the holders for longer than necessary for the purposes for which they were collected or otherwise processed, as set out in this Policy and for which Agrorob\u00f3tica has a valid legal basis. In any case, we will not retain you longer than permitted by local legal retention periods.<br \/>In the event that Agrorob\u00f3tica is involved in any legal claims, we have the right to continue to process your personal data that is relevant to such claims, subject to applicable local retention requirements.<\/p><p><strong>VII. Your Rights Regarding Your Personal Data<\/strong><\/p><p>Data subjects have the following rights:<\/p><p>\u2022 Confirm the existence of data processing;<br \/>\u2022 Access shared data;<br \/>\u2022 Correct incomplete, inaccurate or outdated data;<br \/>\u2022 Block, eliminate or anonymize data that is unnecessary, excessive or treated in violation of the LGPD;<br \/>\u2022 Carry out data portability to another service or product provider, upon express request, in accordance with the regulations of the National Authority, observing commercial and industrial secrets;<br \/>\u2022 Eliminate personal data processed with the consent of the Data Subject, except in cases of storage for compliance with legal or regulatory obligations;<br \/>\u2022 Inform about the shared use of personal data with public and private entities with which Agrorob\u00f3tica shared data;<br \/>\u2022 Inform about the possibility of not providing consent and about the consequences of denial;<br \/>\u2022 Possibility of revoking consent, through a free and facilitated procedure;<br \/>\u2022 Carry out the opposition to processing if there is non-compliance with the provisions of the LGPD;<br \/>\u2022 In the case of processing originating from the consent of the data subject or from a contract, request a complete electronic copy of your personal data, subject to commercial and industrial secrecy.<br \/>To exercise the aforementioned rights, contact the DPO via email, contato@agrorobotica.com.br<\/p><p><strong>VIII. Security measures<\/strong><\/p><p>Personal data will be protected in accordance with the administrative, technical and physical security measures implemented by Agrorob\u00f3tica. These measures include policies, procedures, and the existence of physical and electronic controls for accessing information.<\/p><p><strong>IX. Third Party Sites<\/strong><\/p><p>Our website may contain links or references to other websites outside of our control (eg facebook.com\/agrorobotica, linkedln.com\/agrorobotica, etc). Please be aware that this policy does not apply to these sites. Agrorob\u00f3tica encourages you to read the respective privacy statements and terms and conditions if you access them. These third party websites will send their own cookies and other tracking devices to you, record your IP address and otherwise collect data or request personal data. Agrorob\u00f3tica does not control and is not responsible for what Third Parties do in relation to their websites, or how they handle your personal data. Please see the data protection policies on each Third Party website for more information.<\/p><p><strong>X. Children and Adolescents<\/strong><\/p><p>We do not intend to collect personally identifiable information from children or adolescents through our website. We recommend that you do not allow children or teenagers to submit any personally identifiable information. We recognize that protecting children&#039;s identities and privacy online is important. If you know that such information was provided by a child or teenager, please contact the DPO by email contato@agrorobotica.com.br so that we can delete such data. Children and teenagers should consult their parents or legal representatives about the use of this site.<\/p><p><strong>XI. Revisions to Our Privacy Policy<\/strong><\/p><p>Agrorob\u00f3tica reserves the right to change this policy at any time. All changes will be posted on this page. The date of the last revision of this policy is identified at the top of the page.<\/p><p><strong>XII. Data Protection Officer (DPO)<\/strong><\/p><p>The DPO is responsible for monitoring and ensuring compliance with the processing of personal data at Agrorob\u00f3tica, with this Policy and applicable data protection laws.<\/p><p>As mentioned above, the data subject may contact the DPO for questions related to the processing of their personal data and to exercise their rights as mentioned in item VII.<\/p><p>The DPO can be contacted through the electronic address: contato@agrorobotica.com.br<\/p>\t\t\t\t\t\t<\/div>\n\t\t\t\t<\/div>\n\t\t\t\t\t<\/div>\n\t\t<\/div>\n\t\t\t\t\t<\/div>\n\t\t<\/section>\n\t\t\t\t<\/div>","protected":false},"excerpt":{"rendered":"<p>I. Introdu\u00e7\u00e3o Esta pol\u00edtica descreve os tipos de informa\u00e7\u00f5es que a Agrorob\u00f3tica coletar\u00e1 de voc\u00ea ou que voc\u00ea fornecer\u00e1 quando visitar o site www.agrorobotica.com.br e nossas pr\u00e1ticas para coletar, usar, manter, proteger e divulgar essas informa\u00e7\u00f5es.A Agrorob\u00f3tica est\u00e1 comprometida em proteger sua privacidade. Fornecemos esta pol\u00edtica para explicar o tipo de informa\u00e7\u00e3o que coletamos e [&hellip;]<\/p>","protected":false},"author":1,"featured_media":0,"parent":0,"menu_order":0,"comment_status":"closed","ping_status":"closed","template":"","meta":{"footnotes":""},"class_list":["post-3","page","type-page","status-publish","hentry"],"_links":{"self":[{"href":"https:\/\/agrorobotica.com.br\/en\/wp-json\/wp\/v2\/pages\/3","targetHints":{"allow":["GET"]}}],"collection":[{"href":"https:\/\/agrorobotica.com.br\/en\/wp-json\/wp\/v2\/pages"}],"about":[{"href":"https:\/\/agrorobotica.com.br\/en\/wp-json\/wp\/v2\/types\/page"}],"author":[{"embeddable":true,"href":"https:\/\/agrorobotica.com.br\/en\/wp-json\/wp\/v2\/users\/1"}],"replies":[{"embeddable":true,"href":"https:\/\/agrorobotica.com.br\/en\/wp-json\/wp\/v2\/comments?post=3"}],"version-history":[{"count":7,"href":"https:\/\/agrorobotica.com.br\/en\/wp-json\/wp\/v2\/pages\/3\/revisions"}],"predecessor-version":[{"id":1649,"href":"https:\/\/agrorobotica.com.br\/en\/wp-json\/wp\/v2\/pages\/3\/revisions\/1649"}],"wp:attachment":[{"href":"https:\/\/agrorobotica.com.br\/en\/wp-json\/wp\/v2\/media?parent=3"}],"curies":[{"name":"wp","href":"https:\/\/api.w.org\/{rel}","templated":true}]}}