{"id":1852,"date":"2023-07-25T17:21:29","date_gmt":"2023-07-25T17:21:29","guid":{"rendered":"https:\/\/agrorobotica.com.br\/?page_id=1852"},"modified":"2023-07-25T17:54:05","modified_gmt":"2023-07-25T17:54:05","slug":"politica-de-qualidade","status":"publish","type":"page","link":"https:\/\/agrorobotica.com.br\/en\/politica-de-qualidade\/","title":{"rendered":"Pol\u00edtica da Qualidade"},"content":{"rendered":"<div data-elementor-type=\"wp-page\" data-elementor-id=\"1852\" class=\"elementor elementor-1852\" data-elementor-post-type=\"page\">\n\t\t\t\t\t\t<section class=\"elementor-section elementor-top-section elementor-element elementor-element-eae174e elementor-section-boxed elementor-section-height-default elementor-section-height-default\" data-id=\"eae174e\" data-element_type=\"section\">\n\t\t\t\t\t\t<div class=\"elementor-container elementor-column-gap-default\">\n\t\t\t\t\t<div class=\"elementor-column elementor-col-100 elementor-top-column elementor-element elementor-element-2287fd8\" data-id=\"2287fd8\" data-element_type=\"column\">\n\t\t\t<div class=\"elementor-widget-wrap elementor-element-populated\">\n\t\t\t\t\t\t<div class=\"elementor-element elementor-element-ca04b94 elementor-widget elementor-widget-heading\" data-id=\"ca04b94\" data-element_type=\"widget\" data-widget_type=\"heading.default\">\n\t\t\t\t<div class=\"elementor-widget-container\">\n\t\t\t<style>\/*! elementor - v3.20.0 - 26-03-2024 *\/\n.elementor-heading-title{padding:0;margin:0;line-height:1}.elementor-widget-heading .elementor-heading-title[class*=elementor-size-]>a{color:inherit;font-size:inherit;line-height:inherit}.elementor-widget-heading .elementor-heading-title.elementor-size-small{font-size:15px}.elementor-widget-heading .elementor-heading-title.elementor-size-medium{font-size:19px}.elementor-widget-heading .elementor-heading-title.elementor-size-large{font-size:29px}.elementor-widget-heading .elementor-heading-title.elementor-size-xl{font-size:39px}.elementor-widget-heading .elementor-heading-title.elementor-size-xxl{font-size:59px}<\/style><h1 class=\"elementor-heading-title elementor-size-xl\">Pol\u00edtica da qualidade<\/h1>\t\t<\/div>\n\t\t\t\t<\/div>\n\t\t\t\t\t<\/div>\n\t\t<\/div>\n\t\t\t\t\t<\/div>\n\t\t<\/section>\n\t\t\t\t<section class=\"elementor-section elementor-top-section elementor-element elementor-element-581d7fb elementor-section-boxed elementor-section-height-default elementor-section-height-default\" data-id=\"581d7fb\" data-element_type=\"section\">\n\t\t\t\t\t\t<div class=\"elementor-container elementor-column-gap-default\">\n\t\t\t\t\t<div class=\"elementor-column elementor-col-100 elementor-top-column elementor-element elementor-element-e00c25e\" data-id=\"e00c25e\" data-element_type=\"column\">\n\t\t\t<div class=\"elementor-widget-wrap elementor-element-populated\">\n\t\t\t\t\t\t<div class=\"elementor-element elementor-element-a6a769a elementor-widget elementor-widget-text-editor\" data-id=\"a6a769a\" data-element_type=\"widget\" data-widget_type=\"text-editor.default\">\n\t\t\t\t<div class=\"elementor-widget-container\">\n\t\t\t<style>\/*! elementor - v3.20.0 - 26-03-2024 *\/\n.elementor-widget-text-editor.elementor-drop-cap-view-stacked .elementor-drop-cap{background-color:#69727d;color:#fff}.elementor-widget-text-editor.elementor-drop-cap-view-framed .elementor-drop-cap{color:#69727d;border:3px solid;background-color:transparent}.elementor-widget-text-editor:not(.elementor-drop-cap-view-default) .elementor-drop-cap{margin-top:8px}.elementor-widget-text-editor:not(.elementor-drop-cap-view-default) .elementor-drop-cap-letter{width:1em;height:1em}.elementor-widget-text-editor .elementor-drop-cap{float:left;text-align:center;line-height:1;font-size:50px}.elementor-widget-text-editor .elementor-drop-cap-letter{display:inline-block}<\/style>\t\t\t\t<p>A Pol\u00edtica da Qualidade da Agrorob\u00f3tica foi estabelecida para assegurar confiabilidade e qualidade nos servi\u00e7os prestados atrav\u00e9s da Plataforma de IA AGLIBS. Adotamos um sistema de gest\u00e3o da qualidade em conformidade com a Norma ISO\/IEC 17025 com foco na melhoria cont\u00ednua do sistema de gest\u00e3o da qualidade. Todos estamos comprometidos em se familiarizar com os processos internos e em implementar boas pr\u00e1ticas profissionais de maneira inovadora e sustent\u00e1vel para todos, garantindo a imparcialidade e opera\u00e7\u00e3o consistente do laborat\u00f3rio para gerar mais valor e satisfa\u00e7\u00e3o total aos nossos clientes.<\/p>\t\t\t\t\t\t<\/div>\n\t\t\t\t<\/div>\n\t\t\t\t\t<\/div>\n\t\t<\/div>\n\t\t\t\t\t<\/div>\n\t\t<\/section>\n\t\t\t\t<\/div>","protected":false},"excerpt":{"rendered":"<p>Pol\u00edtica da qualidade A Pol\u00edtica da Qualidade da Agrorob\u00f3tica foi estabelecida para assegurar confiabilidade e qualidade nos servi\u00e7os prestados atrav\u00e9s da Plataforma de IA AGLIBS. Adotamos um sistema de gest\u00e3o da qualidade em conformidade com a Norma ISO\/IEC 17025 com foco na melhoria cont\u00ednua do sistema de gest\u00e3o da qualidade. Todos estamos comprometidos em se [&hellip;]<\/p>","protected":false},"author":4,"featured_media":0,"parent":0,"menu_order":0,"comment_status":"closed","ping_status":"closed","template":"","meta":{"footnotes":""},"class_list":["post-1852","page","type-page","status-publish","hentry"],"_links":{"self":[{"href":"https:\/\/agrorobotica.com.br\/en\/wp-json\/wp\/v2\/pages\/1852","targetHints":{"allow":["GET"]}}],"collection":[{"href":"https:\/\/agrorobotica.com.br\/en\/wp-json\/wp\/v2\/pages"}],"about":[{"href":"https:\/\/agrorobotica.com.br\/en\/wp-json\/wp\/v2\/types\/page"}],"author":[{"embeddable":true,"href":"https:\/\/agrorobotica.com.br\/en\/wp-json\/wp\/v2\/users\/4"}],"replies":[{"embeddable":true,"href":"https:\/\/agrorobotica.com.br\/en\/wp-json\/wp\/v2\/comments?post=1852"}],"version-history":[{"count":4,"href":"https:\/\/agrorobotica.com.br\/en\/wp-json\/wp\/v2\/pages\/1852\/revisions"}],"predecessor-version":[{"id":1859,"href":"https:\/\/agrorobotica.com.br\/en\/wp-json\/wp\/v2\/pages\/1852\/revisions\/1859"}],"wp:attachment":[{"href":"https:\/\/agrorobotica.com.br\/en\/wp-json\/wp\/v2\/media?parent=1852"}],"curies":[{"name":"wp","href":"https:\/\/api.w.org\/{rel}","templated":true}]}}