{"id":1616,"date":"2022-09-21T21:38:55","date_gmt":"2022-09-21T21:38:55","guid":{"rendered":"https:\/\/agrorobotica.com.br\/?page_id=1616"},"modified":"2022-09-22T14:36:04","modified_gmt":"2022-09-22T14:36:04","slug":"politica-de-uso-de-dados","status":"publish","type":"page","link":"https:\/\/agrorobotica.com.br\/en\/politica-de-uso-de-dados\/","title":{"rendered":"Data Use Policy"},"content":{"rendered":"<div data-elementor-type=\"wp-page\" data-elementor-id=\"1616\" class=\"elementor elementor-1616\" data-elementor-post-type=\"page\">\n\t\t\t\t\t\t<section class=\"elementor-section elementor-top-section elementor-element elementor-element-6187196c elementor-section-boxed elementor-section-height-default elementor-section-height-default\" data-id=\"6187196c\" data-element_type=\"section\">\n\t\t\t\t\t\t<div class=\"elementor-container elementor-column-gap-default\">\n\t\t\t\t\t<div class=\"elementor-column elementor-col-100 elementor-top-column elementor-element elementor-element-2f276e39\" data-id=\"2f276e39\" data-element_type=\"column\">\n\t\t\t<div class=\"elementor-widget-wrap elementor-element-populated\">\n\t\t\t\t\t\t<div class=\"elementor-element elementor-element-60e4019 elementor-widget elementor-widget-heading\" data-id=\"60e4019\" data-element_type=\"widget\" data-widget_type=\"heading.default\">\n\t\t\t\t<div class=\"elementor-widget-container\">\n\t\t\t<style>\/*! elementor - v3.20.0 - 26-03-2024 *\/\n.elementor-heading-title{padding:0;margin:0;line-height:1}.elementor-widget-heading .elementor-heading-title[class*=elementor-size-]>a{color:inherit;font-size:inherit;line-height:inherit}.elementor-widget-heading .elementor-heading-title.elementor-size-small{font-size:15px}.elementor-widget-heading .elementor-heading-title.elementor-size-medium{font-size:19px}.elementor-widget-heading .elementor-heading-title.elementor-size-large{font-size:29px}.elementor-widget-heading .elementor-heading-title.elementor-size-xl{font-size:39px}.elementor-widget-heading .elementor-heading-title.elementor-size-xxl{font-size:59px}<\/style><h1 class=\"elementor-heading-title elementor-size-default\">Data Use Policy<\/h1>\t\t<\/div>\n\t\t\t\t<\/div>\n\t\t\t\t<div class=\"elementor-element elementor-element-39847d0 elementor-widget elementor-widget-heading\" data-id=\"39847d0\" data-element_type=\"widget\" data-widget_type=\"heading.default\">\n\t\t\t\t<div class=\"elementor-widget-container\">\n\t\t\t<h5 class=\"elementor-heading-title elementor-size-default\">PRIVACY NOTICE FOR CUSTOMERS, SUPPLIERS AND BUSINESS PARTNERS<\/h5>\t\t<\/div>\n\t\t\t\t<\/div>\n\t\t\t\t<div class=\"elementor-element elementor-element-777b8f41 elementor-widget elementor-widget-text-editor\" data-id=\"777b8f41\" data-element_type=\"widget\" data-widget_type=\"text-editor.default\">\n\t\t\t\t<div class=\"elementor-widget-container\">\n\t\t\t<style>\/*! elementor - v3.20.0 - 26-03-2024 *\/\n.elementor-widget-text-editor.elementor-drop-cap-view-stacked .elementor-drop-cap{background-color:#69727d;color:#fff}.elementor-widget-text-editor.elementor-drop-cap-view-framed .elementor-drop-cap{color:#69727d;border:3px solid;background-color:transparent}.elementor-widget-text-editor:not(.elementor-drop-cap-view-default) .elementor-drop-cap{margin-top:8px}.elementor-widget-text-editor:not(.elementor-drop-cap-view-default) .elementor-drop-cap-letter{width:1em;height:1em}.elementor-widget-text-editor .elementor-drop-cap{float:left;text-align:center;line-height:1;font-size:50px}.elementor-widget-text-editor .elementor-drop-cap-letter{display:inline-block}<\/style>\t\t\t\t<p><strong>I. Introduction and scope<\/strong><\/p><p>Agrorob\u00f3tica is committed to processing personal data responsibly and in compliance with applicable data protection laws in all countries in which it operates.<br \/>This Privacy Notice for Customers, Suppliers and Business Partners describes the types of personal data that Agrorob\u00f3tica processes, how Agrorob\u00f3tica uses the personal data, with whom Agrorob\u00f3tica shares the personal data and the rights that you, as the data subject , has in relation to the use of personal data by Agrorob\u00f3tica. This Notice also describes how you can contact us about our data protection practices.<\/p><p><strong>II. Contact information<\/strong><\/p><p>Agrorob\u00f3tica has appointed a person responsible for the protection of personal data (\u201cDPO\u201d), who can be contacted at the email address: contato@agrorobotica.com.br<br \/>The DPO is responsible for accepting complaints and communications from data subjects in relation to personal data, providing clarifications, receiving communications from the National Data Protection Authority (ANPD).<\/p><p><strong>III. Processed Personal Data<\/strong><\/p><p>The provision of personal data is a necessary requirement for the relationships between Agrorob\u00f3tica, Customers, Suppliers and Business Partners. The personal data processed is limited to the data necessary to fulfill the purpose for which such personal data are collected.<br \/>1. Customers<br \/>Agrorob\u00f3tica may process the following personal data: full name, full address, geolocation, home and cell phone number, e-mail address, banking information, profession and date of birth. Agrorob\u00f3tica may process the following sensitive personal data: health-related data.<\/p><p>2. Suppliers and Business Partners<\/p><p>Agrorob\u00f3tica may process the following personal data: name, full address, geolocation, telephone number, e-mail address, General Registry, Individuals Registry, banking information, gender, age, date and place of birth, nationality, occupation \/ job title, business postal address, business phone number, business fax number, business email address, license plate number, driver&#039;s license, photos and videos.<br \/>Agrorob\u00f3tica may also receive data from third parties related to its Business Partners whenever such data is necessary to carry out its commercial activity and to fulfill a legal and\/or regulatory contractual obligation.<br \/>Agrorob\u00f3tica will not collect personal data if such collection is prohibited by applicable data protection laws.<\/p><p><strong>IV. Purposes of data processing and legal basis<\/strong><\/p><p>The processing of personal data will be carried out in accordance with applicable data protection laws, only for limited, explicit and legitimate purposes and with the provisions set out in this Privacy Notice.<br \/>Personal data will be processed for the reasons and legal bases described below, in order to comply with the obligations assumed by Agrorob\u00f3tica, resulting from applicable legislation and legal obligations.<\/p><p>1. Customers<\/p><p>Personal data:<\/p><p>PURPOSE LEGAL BASIS<\/p><p>Manage business relationships, order fulfillment, payment and invoicing for goods and services by contacting the customer. Fulfillment of contractual obligation, Legitimate interest.<br \/>Carry out promotional operations, direct marketing to promote Agrorob\u00f3tica&#039;s position in the market. Legitimate interest, Consent.<br \/>Detect and prevent fraud to ensure the safety and integrity of Agrorob\u00f3tica. legitimate interest.<br \/>Ensure the safety and integrity of Agrorobotics and individuals. For the protection of the life or physical safety of the holder or a Third Party.<br \/>Respond to legal procedures or administrative bodies\/regulatory entities. Comply with legal obligations and\/or regulatory investigations, assisting Agrorob\u00f3tica in the context of any litigation or arbitration and protecting Agrorob\u00f3tica from injury, theft, legal liability, fraud, abuse or other improper conduct. Compliance with legal and regulatory obligations, Regular exercise of rights, Legitimate interest.<br \/>Manage Agrorob\u00f3tica transactions (e.g. merger or acquisition) to conduct Agrorob\u00f3tica business negotiations. Compliance with legal and regulatory obligation, Compliance with contractual obligation, Legitimate interest.<br \/>Manage Agrorob\u00f3tica&#039;s operations, including the operation and monitoring of the proper functioning and security of Agrorob\u00f3tica&#039;s IT systems to ensure their safety and security. legitimate interest.<br \/>Manage health and safety incidents. For the protection of the life or physical safety of the holder or a Third Party.<br \/>Manage product deliveries and shipments to manage Agrorob\u00f3tica&#039;s business, deliver and improve its products or services. Fulfillment of contractual obligation, Legitimate interest.<br \/>Understand and evaluate the interests, desires and needs of data subjects for updating websites, as well as developing new products and services. legitimate interest.<br \/>Meet the demands originating from the customer service system. For the protection of the life or physical safety of the holder or a Third Party and Compliance with legal and regulatory obligations.<br \/>For compliance with internal Policies and Procedures. Legitimate interest, compliance with legal and regulatory obligations, and compliance with contractual obligations.<\/p><p>Sensitive Personal Data:<\/p><p>So that Agrorob\u00f3tica can complement the physical-chemical analysis of the product when any type of deviation is identified. Protection of the life or physical safety of the holder or a Third Party; and Compliance with legal and regulatory obligations.<\/p><p>2. Suppliers and Business Partners<\/p><p>PURPOSE LEGAL BASIS<\/p><p>Analyze the individual&#039;s record before federal and state agencies, and other competent authorities. Compliance with legal and regulatory obligation, Legitimate interest.<\/p><p>Manage business relationships, order fulfillment, payment and invoicing for goods and services by contacting the Supplier or Business Partner. Fulfillment of contractual obligation, Legitimate Interest.<\/p><p>Carry out promotional operations, direct marketing to promote Agrorob\u00f3tica&#039;s position in the market. Legitimate interest, Consent.<br \/>Detect and prevent fraud to ensure the safety and integrity of Agrorob\u00f3tica. legitimate interest.<br \/>Ensure the safety and integrity of Agrorobotics and individuals. For the protection of the life or physical safety of the holder or a Third Party.<br \/>Respond to legal procedures or administrative bodies\/regulatory entities. Comply with legal obligations and\/or regulatory investigations, assisting Agrorob\u00f3tica in the context of any litigation or arbitration and protecting Agrorob\u00f3tica from injury, theft, legal liability, fraud, abuse or other improper conduct. Compliance with legal and regulatory obligations, Regular exercise of rights, Legitimate interest.<br \/>Manage Agrorob\u00f3tica transactions (e.g. merger or acquisition) to conduct Agrorob\u00f3tica business negotiations. Compliance with legal and regulatory obligation, Compliance with contractual obligation, Legitimate interest.<br \/>Manage Agrorob\u00f3tica&#039;s operations, including the operation and monitoring of the proper functioning and security of Agrorob\u00f3tica&#039;s IT systems to ensure their safety and security. legitimate interest.<br \/>Manage health and safety incidents. For the protection of the life or physical safety of the holder or a Third Party.<br \/>Manage product deliveries and shipments to manage Agrorob\u00f3tica&#039;s business, deliver and improve its products or services. Fulfillment of contractual obligation, Legitimate interest.<br \/>Understand and evaluate the interests, desires and needs of data subjects for updating websites, as well as developing new products and services. legitimate interest.<br \/>For compliance with internal Policies and Procedures. Legitimate interest, compliance with legal and regulatory obligations, and compliance with contractual obligations.<\/p><p>Agrorob\u00f3tica ensures that internal governance procedures clearly specify the reasons for processing personal data. Before using your personal data for a purpose other than the one for which it was initially collected, you will be informed of this new purpose.<\/p><p><strong>V. Data Sharing<\/strong><\/p><p>In connection with the activities described in Section IV, Agrorob\u00f3tica may need, from time to time, to disclose or make available personal data to other companies in the Agrorob\u00f3tica Group, relevant third-party service providers (e.g., customer relationship management service providers \/ suppliers, professional consultants), Agrorob\u00f3tica business partners, regulatory authorities, government bodies and potential buyers of Agrorob\u00f3tica or an Agrorob\u00f3tica business.<br \/>Agrorob\u00f3tica will only grant access to personal data when necessary and this access will be limited to the personal data necessary for the purpose for which the access was granted.<br \/>The authorization to access personal data will always be linked to the purpose, so that no authorization will be extended to access personal data on a personal basis. Service providers will only receive personal data in accordance with the purposes of the service contract with Agrorob\u00f3tica.<\/p><p><strong>SAW. International Transfer of Personal Data<\/strong><\/p><p>Agrorob\u00f3tica&#039;s international presence involves the transfer of personal data to other group companies or Third Parties, which may be located outside Brazil. Agrorob\u00f3tica will ensure that when personal data is transferred to countries that have different data protection standards, adequate safeguards are in place to protect the personal data and ensure that such data transfers comply with applicable data protection laws.<\/p><p><strong>VII. Personal Data Retention<\/strong><\/p><p>Agrorob\u00f3tica will not retain the personal data of the holders for longer than necessary for the purposes for which they were collected or otherwise processed, as set out in this Notice and for which Agrorob\u00f3tica has a valid legal basis. In any case, we will not retain you longer than permitted by local legal retention periods.<br \/>In the event that Agrorob\u00f3tica is involved in any legal claims, we have the right to continue to process your personal data that is relevant to such claims, subject to applicable local retention requirements.<\/p><p><strong>VIII. Rights of Data Subjects<\/strong><\/p><p>Data subjects have the following rights:<\/p><p>\u2022 Confirm the existence of data processing;<br \/>\u2022 Access shared data;<br \/>\u2022 Correct incomplete, inaccurate or outdated data;<br \/>\u2022 Block, eliminate or anonymize data that is unnecessary, excessive or treated in violation of the LGPD;<br \/>\u2022 Carry out data portability to another service or product provider, upon express request, in accordance with the regulations of the National Authority, observing commercial and industrial secrets;<br \/>\u2022 Eliminate personal data processed with the consent of the Data Subject, except in cases of storage for compliance with legal or regulatory obligations;<br \/>\u2022 Inform about the shared use of personal data with public and private entities with which Agrorob\u00f3tica shared data;<br \/>\u2022 Inform about the possibility of not providing consent and about the consequences of denial;<br \/>\u2022 Possibility of revoking consent, through a free and facilitated procedure;<br \/>\u2022 Carry out the opposition to processing if there is non-compliance with the provisions of the LGPD;<br \/>\u2022 In the case of processing originating from the consent of the data subject or from a contract, request a complete electronic copy of your personal data, subject to commercial and industrial secrecy.<br \/>To exercise the aforementioned rights, contact the DPO via email, contato@agrorobotica.com.br<\/p><p><strong>IX. Personal Data Protection Officer (DPO) Contact<\/strong><\/p><p>Monitoring and ensuring compliance of the processing of personal data at Agrorob\u00f3tica with this Notice and applicable data protection laws is the responsibility of the DPO.<br \/>As mentioned above, the data subject may contact the DPO for questions related to the processing of their personal data and to exercise their rights as mentioned in item VIII.<br \/>The DPO can be contacted through the electronic address: contato@agrorobotica.com.br<\/p><p><strong>X. Miscellaneous<\/strong><\/p><p>Agrorob\u00f3tica reserves the right to make changes or updates to this privacy notice, at any discretion and at any time.<\/p>\t\t\t\t\t\t<\/div>\n\t\t\t\t<\/div>\n\t\t\t\t\t<\/div>\n\t\t<\/div>\n\t\t\t\t\t<\/div>\n\t\t<\/section>\n\t\t\t\t<\/div>","protected":false},"excerpt":{"rendered":"<p>AVISO DE PRIVACIDADE PARA CLIENTES, FORNECEDORES E PARCEIROS DE NEG\u00d3CIOS I. Introdu\u00e7\u00e3o e escopo A Agrorob\u00f3tica tem o compromisso de processar dados pessoais de forma respons\u00e1vel e em conformidade com as leis de prote\u00e7\u00e3o de dados aplic\u00e1veis em todos os pa\u00edses nos quais opera.Este Aviso de Privacidade para Clientes, Fornecedores e Parceiros de Neg\u00f3cios descreve [&hellip;]<\/p>","protected":false},"author":2,"featured_media":0,"parent":0,"menu_order":0,"comment_status":"closed","ping_status":"closed","template":"","meta":{"footnotes":""},"class_list":["post-1616","page","type-page","status-publish","hentry"],"_links":{"self":[{"href":"https:\/\/agrorobotica.com.br\/en\/wp-json\/wp\/v2\/pages\/1616","targetHints":{"allow":["GET"]}}],"collection":[{"href":"https:\/\/agrorobotica.com.br\/en\/wp-json\/wp\/v2\/pages"}],"about":[{"href":"https:\/\/agrorobotica.com.br\/en\/wp-json\/wp\/v2\/types\/page"}],"author":[{"embeddable":true,"href":"https:\/\/agrorobotica.com.br\/en\/wp-json\/wp\/v2\/users\/2"}],"replies":[{"embeddable":true,"href":"https:\/\/agrorobotica.com.br\/en\/wp-json\/wp\/v2\/comments?post=1616"}],"version-history":[{"count":5,"href":"https:\/\/agrorobotica.com.br\/en\/wp-json\/wp\/v2\/pages\/1616\/revisions"}],"predecessor-version":[{"id":1653,"href":"https:\/\/agrorobotica.com.br\/en\/wp-json\/wp\/v2\/pages\/1616\/revisions\/1653"}],"wp:attachment":[{"href":"https:\/\/agrorobotica.com.br\/en\/wp-json\/wp\/v2\/media?parent=1616"}],"curies":[{"name":"wp","href":"https:\/\/api.w.org\/{rel}","templated":true}]}}